{"id":5617,"date":"2025-11-22T14:49:29","date_gmt":"2025-11-22T14:49:29","guid":{"rendered":"https:\/\/oktoihcompany.rs\/?post_type=product&#038;p=5617"},"modified":"2026-02-26T13:41:15","modified_gmt":"2026-02-26T13:41:15","slug":"giter-blok-25-kvalitetan-blok-za-zidanje-sa-visokom-nosivoscu","status":"publish","type":"product","link":"https:\/\/oktoihcompany.rs\/sr\/\u043f\u0440\u043e\u0438\u0437\u0432\u043e\u0434\/giter-blok-25-kvalitetan-blok-za-zidanje-sa-visokom-nosivoscu\/","title":{"rendered":"Giter blok 25 cm (25\u00d719\u00d719) \u2013 Nosivost 10 MPa"},"content":{"rendered":"<p>Giter blok 25 cm je kvalitetan gra\u0111evinski blok namenjen izgradnji nosivih i nenosivih zidova. Sa dimenzijama 25\u00d719\u00d719 cm i nosivo\u0161\u0107u od 10 MPa, obezbe\u0111uje stabilnost, odli\u010dnu \u010dvrsto\u0107u i trajnost konstrukcije.<\/p>\n<p>Zahvaljuju\u0107i optimalnoj te\u017eini i jednostavnom rukovanju, ovaj blok je idealan za brzu i efikasnu gradnju. Potro\u0161nja iznosi 25 kom\/m\u00b2 za zid debljine 25 cm, odnosno 19,2 kom\/m\u00b2 za zid debljine 19 cm.<\/p>\n<p>Cena je 40 dinara po komadu sa PDV, a na jednoj paleti nalazi se 160 komada, \u0161to ga \u010dini ekonomi\u010dnim izborom za sve vrste objekata \u2014 stambene, poslovne i industrijske.<\/p>","protected":false},"excerpt":{"rendered":"<p>Giter blok 25 dimenzija 25\u00d719\u00d719 cm sa nosivo\u0161\u0107u od 10 MPa predstavlja pouzdan izbor za izgradnju nosivih i pregradnih zidova. Potro\u0161nja iznosi 25 kom\/m\u00b2 za zid debljine 25 cm i 19,2 kom\/m\u00b2 za zid debljine 19 cm. Na paleti se nalazi 160 komada. Cena je 40 din\/kom sa PDV.<\/p>","protected":false},"featured_media":5451,"comment_status":"open","ping_status":"closed","template":"","meta":{"om_disable_all_campaigns":false,"_monsterinsights_skip_tracking":false,"_monsterinsights_sitenote_active":false,"_monsterinsights_sitenote_note":"","_monsterinsights_sitenote_category":0,"site-sidebar-layout":"default","site-content-layout":"","ast-site-content-layout":"default","site-content-style":"default","site-sidebar-style":"default","ast-global-header-display":"","ast-banner-title-visibility":"","ast-main-header-display":"","ast-hfb-above-header-display":"","ast-hfb-below-header-display":"","ast-hfb-mobile-header-display":"","site-post-title":"","ast-breadcrumbs-content":"","ast-featured-img":"","footer-sml-layout":"","theme-transparent-header-meta":"default","adv-header-id-meta":"","stick-header-meta":"","header-above-stick-meta":"","header-main-stick-meta":"","header-below-stick-meta":"","astra-migrate-meta-layouts":"set","ast-page-background-enabled":"default","ast-page-background-meta":{"desktop":{"background-color":"","background-image":"","background-repeat":"repeat","background-position":"center center","background-size":"auto","background-attachment":"scroll","background-type":"","background-media":"","overlay-type":"","overlay-color":"","overlay-opacity":"","overlay-gradient":""},"tablet":{"background-color":"","background-image":"","background-repeat":"repeat","background-position":"center center","background-size":"auto","background-attachment":"scroll","background-type":"","background-media":"","overlay-type":"","overlay-color":"","overlay-opacity":"","overlay-gradient":""},"mobile":{"background-color":"","background-image":"","background-repeat":"repeat","background-position":"center center","background-size":"auto","background-attachment":"scroll","background-type":"","background-media":"","overlay-type":"","overlay-color":"","overlay-opacity":"","overlay-gradient":""}},"ast-content-background-meta":{"desktop":{"background-color":"var(--ast-global-color-5)","background-image":"","background-repeat":"repeat","background-position":"center center","background-size":"auto","background-attachment":"scroll","background-type":"","background-media":"","overlay-type":"","overlay-color":"","overlay-opacity":"","overlay-gradient":""},"tablet":{"background-color":"var(--ast-global-color-5)","background-image":"","background-repeat":"repeat","background-position":"center center","background-size":"auto","background-attachment":"scroll","background-type":"","background-media":"","overlay-type":"","overlay-color":"","overlay-opacity":"","overlay-gradient":""},"mobile":{"background-color":"var(--ast-global-color-5)","background-image":"","background-repeat":"repeat","background-position":"center center","background-size":"auto","background-attachment":"scroll","background-type":"","background-media":"","overlay-type":"","overlay-color":"","overlay-opacity":"","overlay-gradient":""}}},"product_brand":[],"product_cat":[15],"product_tag":[36],"class_list":{"0":"post-5617","1":"product","2":"type-product","3":"status-publish","4":"has-post-thumbnail","6":"product_cat-artikli","7":"product_tag-giter-blok-25","8":"desktop-align-center","9":"tablet-align-center","10":"mobile-align-center","12":"first","13":"instock","14":"shipping-taxable","15":"purchasable","16":"product-type-simple"},"aioseo_notices":[],"_links":{"self":[{"href":"https:\/\/oktoihcompany.rs\/sr\/wp-json\/wp\/v2\/product\/5617","targetHints":{"allow":["GET"]}}],"collection":[{"href":"https:\/\/oktoihcompany.rs\/sr\/wp-json\/wp\/v2\/product"}],"about":[{"href":"https:\/\/oktoihcompany.rs\/sr\/wp-json\/wp\/v2\/types\/product"}],"replies":[{"embeddable":true,"href":"https:\/\/oktoihcompany.rs\/sr\/wp-json\/wp\/v2\/comments?post=5617"}],"wp:featuredmedia":[{"embeddable":true,"href":"https:\/\/oktoihcompany.rs\/sr\/wp-json\/wp\/v2\/media\/5451"}],"wp:attachment":[{"href":"https:\/\/oktoihcompany.rs\/sr\/wp-json\/wp\/v2\/media?parent=5617"}],"wp:term":[{"taxonomy":"product_brand","embeddable":true,"href":"https:\/\/oktoihcompany.rs\/sr\/wp-json\/wp\/v2\/product_brand?post=5617"},{"taxonomy":"product_cat","embeddable":true,"href":"https:\/\/oktoihcompany.rs\/sr\/wp-json\/wp\/v2\/product_cat?post=5617"},{"taxonomy":"product_tag","embeddable":true,"href":"https:\/\/oktoihcompany.rs\/sr\/wp-json\/wp\/v2\/product_tag?post=5617"}],"curies":[{"name":"wp","href":"https:\/\/api.w.org\/{rel}","templated":true}]}}