{"id":5631,"date":"2025-11-23T09:42:24","date_gmt":"2025-11-23T09:42:24","guid":{"rendered":"https:\/\/oktoihcompany.rs\/?post_type=product&#038;p=5631"},"modified":"2025-11-27T18:50:05","modified_gmt":"2025-11-27T18:50:05","slug":"hidrolizni-stocni-kvasac-visokog-kvaliteta","status":"publish","type":"product","link":"https:\/\/oktoihcompany.rs\/sr\/\u043f\u0440\u043e\u0438\u0437\u0432\u043e\u0434\/hidrolizni-stocni-kvasac-visokog-kvaliteta\/","title":{"rendered":"Hidrolizni sto\u010dni kvasac visokog kvaliteta"},"content":{"rendered":"<p data-start=\"737\" data-end=\"944\">Hidrolizni sto\u010dni kvasac predstavlja visokovrednu proteinsku komponentu namenjenu unapre\u0111enju ishrane razli\u010ditih vrsta stoke i \u017eivine. Proizvod je uvezen iz Rusije i dolazi u dve nutritivno bogate varijante:<\/p>\n<h3 data-start=\"946\" data-end=\"1008\"><strong data-start=\"950\" data-end=\"1006\">1) Sto\u010dni kvasac \u2013 sporedni proizvod prerade p\u0161enice<\/strong><\/h3>\n<ul data-start=\"1009\" data-end=\"1152\">\n<li data-start=\"1009\" data-end=\"1035\">\n<p data-start=\"1011\" data-end=\"1035\">Proteini: <strong data-start=\"1021\" data-end=\"1033\">min. 46%<\/strong><\/p>\n<\/li>\n<li data-start=\"1036\" data-end=\"1062\">\n<p data-start=\"1038\" data-end=\"1062\">Celuloza: <strong data-start=\"1048\" data-end=\"1060\">maks. 9%<\/strong><\/p>\n<\/li>\n<li data-start=\"1063\" data-end=\"1082\">\n<p data-start=\"1065\" data-end=\"1082\">Masti: <strong data-start=\"1072\" data-end=\"1080\">3,8%<\/strong><\/p>\n<\/li>\n<li data-start=\"1083\" data-end=\"1107\">\n<p data-start=\"1085\" data-end=\"1107\">Pepeo: <strong data-start=\"1092\" data-end=\"1105\">maks. 10%<\/strong><\/p>\n<\/li>\n<li data-start=\"1108\" data-end=\"1129\">\n<p data-start=\"1110\" data-end=\"1129\">Skrob: <strong data-start=\"1117\" data-end=\"1127\">15\u201319%<\/strong><\/p>\n<\/li>\n<li data-start=\"1130\" data-end=\"1152\">\n<p data-start=\"1132\" data-end=\"1152\">Vlaga: <strong data-start=\"1139\" data-end=\"1152\">maks. 12%<\/strong><\/p>\n<\/li>\n<\/ul>\n<h3 data-start=\"1154\" data-end=\"1234\"><strong data-start=\"1158\" data-end=\"1232\">2) Sto\u010dni kvasac \u2013 sporedni proizvod pri dobijanju alkohola od p\u0161enice<\/strong><\/h3>\n<ul data-start=\"1235\" data-end=\"1378\">\n<li data-start=\"1235\" data-end=\"1261\">\n<p data-start=\"1237\" data-end=\"1261\">Proteini: <strong data-start=\"1247\" data-end=\"1259\">min. 46%<\/strong><\/p>\n<\/li>\n<li data-start=\"1262\" data-end=\"1288\">\n<p data-start=\"1264\" data-end=\"1288\">Celuloza: <strong data-start=\"1274\" data-end=\"1286\">maks. 4%<\/strong><\/p>\n<\/li>\n<li data-start=\"1289\" data-end=\"1308\">\n<p data-start=\"1291\" data-end=\"1308\">Masti: <strong data-start=\"1298\" data-end=\"1306\">3,8%<\/strong><\/p>\n<\/li>\n<li data-start=\"1309\" data-end=\"1333\">\n<p data-start=\"1311\" data-end=\"1333\">Pepeo: <strong data-start=\"1318\" data-end=\"1331\">maks. 10%<\/strong><\/p>\n<\/li>\n<li data-start=\"1334\" data-end=\"1355\">\n<p data-start=\"1336\" data-end=\"1355\">Skrob: <strong data-start=\"1343\" data-end=\"1353\">oko 7%<\/strong><\/p>\n<\/li>\n<li data-start=\"1356\" data-end=\"1378\">\n<p data-start=\"1358\" data-end=\"1378\">Vlaga: <strong data-start=\"1365\" data-end=\"1378\">maks. 12%<\/strong><\/p>\n<\/li>\n<\/ul>\n<hr data-start=\"1380\" data-end=\"1383\" \/>\n<h2 data-start=\"1385\" data-end=\"1427\"><strong data-start=\"1388\" data-end=\"1425\">Prednosti upotrebe sto\u010dnog kvasca<\/strong><\/h2>\n<p data-start=\"1428\" data-end=\"1768\">\u2714 Smanjuje potro\u0161nju koncentrata za <strong data-start=\"1464\" data-end=\"1474\">10\u201315%<\/strong><br data-start=\"1474\" data-end=\"1477\" \/>\u2714 Pove\u0107ava produktivnost \u017eivotinja (prirast i nosivost) do <strong data-start=\"1536\" data-end=\"1543\">30%<\/strong><br data-start=\"1543\" data-end=\"1546\" \/>\u2714 Pobolj\u0161ava reproduktivne sposobnosti (krma\u010de, nerastovi, \u017eivina)<br data-start=\"1612\" data-end=\"1615\" \/>\u2714 Kod \u017eivine pove\u0107ava oplodnju jaja \u2014 npr. kod gusaka do <strong data-start=\"1672\" data-end=\"1679\">78%<\/strong><br data-start=\"1679\" data-end=\"1682\" \/>\u2714 Pobolj\u0161ava kvalitet mesa i jaja (bolji ukus, dijetetska vrednost, ni\u017ei holesterol)<\/p>\n<hr data-start=\"1770\" data-end=\"1773\" \/>\n<h2 data-start=\"1775\" data-end=\"1814\"><strong data-start=\"1778\" data-end=\"1812\">Preporu\u010dene koli\u010dine u ishrani<\/strong><\/h2>\n<ul data-start=\"1815\" data-end=\"1910\">\n<li data-start=\"1815\" data-end=\"1860\">\n<p data-start=\"1817\" data-end=\"1860\"><strong data-start=\"1817\" data-end=\"1833\">\u017divinarstvo:<\/strong> 2\u20134% od mase koncentrata<\/p>\n<\/li>\n<li data-start=\"1861\" data-end=\"1886\">\n<p data-start=\"1863\" data-end=\"1886\"><strong data-start=\"1863\" data-end=\"1879\">Svinjarstvo:<\/strong> 4\u20136%<\/p>\n<\/li>\n<li data-start=\"1887\" data-end=\"1910\">\n<p data-start=\"1889\" data-end=\"1910\"><strong data-start=\"1889\" data-end=\"1905\">Govedarstvo:<\/strong> 6\u20138%<\/p>\n<\/li>\n<\/ul>\n<p data-start=\"1912\" data-end=\"2028\">Proizvod je idealan za farme, proizvodnju jaja, tov, uzgoj mladih \u017eivotinja i intenzivnu poljoprivrednu proizvodnju.<\/p>","protected":false},"excerpt":{"rendered":"<p>Hidrolizni sto\u010dni kvasac visokog kvaliteta, uvoz iz Rusije. Dostupan je u dve varijante \u2013 kao sporedni proizvod prerade p\u0161enice i pri proizvodnji alkohola od p\u0161enice, sa minimum 46% proteina. Pobolj\u0161ava prirast, nosivost, reproduktivnost i kvalitet mesa i jaja. Smanjuje potro\u0161nju koncentrata za 10\u201315%. Preporu\u010dena upotreba: \u017eivina 2\u20134%, svinje 4\u20136%, goveda 6\u20138%.<\/p>","protected":false},"featured_media":5452,"comment_status":"open","ping_status":"closed","template":"","meta":{"om_disable_all_campaigns":false,"_monsterinsights_skip_tracking":false,"_monsterinsights_sitenote_active":false,"_monsterinsights_sitenote_note":"","_monsterinsights_sitenote_category":0,"site-sidebar-layout":"default","site-content-layout":"","ast-site-content-layout":"default","site-content-style":"default","site-sidebar-style":"default","ast-global-header-display":"","ast-banner-title-visibility":"","ast-main-header-display":"","ast-hfb-above-header-display":"","ast-hfb-below-header-display":"","ast-hfb-mobile-header-display":"","site-post-title":"","ast-breadcrumbs-content":"","ast-featured-img":"","footer-sml-layout":"","theme-transparent-header-meta":"default","adv-header-id-meta":"","stick-header-meta":"","header-above-stick-meta":"","header-main-stick-meta":"","header-below-stick-meta":"","astra-migrate-meta-layouts":"set","ast-page-background-enabled":"default","ast-page-background-meta":{"desktop":{"background-color":"","background-image":"","background-repeat":"repeat","background-position":"center center","background-size":"auto","background-attachment":"scroll","background-type":"","background-media":"","overlay-type":"","overlay-color":"","overlay-opacity":"","overlay-gradient":""},"tablet":{"background-color":"","background-image":"","background-repeat":"repeat","background-position":"center center","background-size":"auto","background-attachment":"scroll","background-type":"","background-media":"","overlay-type":"","overlay-color":"","overlay-opacity":"","overlay-gradient":""},"mobile":{"background-color":"","background-image":"","background-repeat":"repeat","background-position":"center center","background-size":"auto","background-attachment":"scroll","background-type":"","background-media":"","overlay-type":"","overlay-color":"","overlay-opacity":"","overlay-gradient":""}},"ast-content-background-meta":{"desktop":{"background-color":"var(--ast-global-color-5)","background-image":"","background-repeat":"repeat","background-position":"center center","background-size":"auto","background-attachment":"scroll","background-type":"","background-media":"","overlay-type":"","overlay-color":"","overlay-opacity":"","overlay-gradient":""},"tablet":{"background-color":"var(--ast-global-color-5)","background-image":"","background-repeat":"repeat","background-position":"center center","background-size":"auto","background-attachment":"scroll","background-type":"","background-media":"","overlay-type":"","overlay-color":"","overlay-opacity":"","overlay-gradient":""},"mobile":{"background-color":"var(--ast-global-color-5)","background-image":"","background-repeat":"repeat","background-position":"center center","background-size":"auto","background-attachment":"scroll","background-type":"","background-media":"","overlay-type":"","overlay-color":"","overlay-opacity":"","overlay-gradient":""}}},"product_brand":[],"product_cat":[15],"product_tag":[],"class_list":{"0":"post-5631","1":"product","2":"type-product","3":"status-publish","4":"has-post-thumbnail","6":"product_cat-artikli","7":"desktop-align-center","8":"tablet-align-center","9":"mobile-align-center","11":"first","12":"instock","13":"shipping-taxable","14":"purchasable","15":"product-type-simple"},"aioseo_notices":[],"_links":{"self":[{"href":"https:\/\/oktoihcompany.rs\/sr\/wp-json\/wp\/v2\/product\/5631","targetHints":{"allow":["GET"]}}],"collection":[{"href":"https:\/\/oktoihcompany.rs\/sr\/wp-json\/wp\/v2\/product"}],"about":[{"href":"https:\/\/oktoihcompany.rs\/sr\/wp-json\/wp\/v2\/types\/product"}],"replies":[{"embeddable":true,"href":"https:\/\/oktoihcompany.rs\/sr\/wp-json\/wp\/v2\/comments?post=5631"}],"wp:featuredmedia":[{"embeddable":true,"href":"https:\/\/oktoihcompany.rs\/sr\/wp-json\/wp\/v2\/media\/5452"}],"wp:attachment":[{"href":"https:\/\/oktoihcompany.rs\/sr\/wp-json\/wp\/v2\/media?parent=5631"}],"wp:term":[{"taxonomy":"product_brand","embeddable":true,"href":"https:\/\/oktoihcompany.rs\/sr\/wp-json\/wp\/v2\/product_brand?post=5631"},{"taxonomy":"product_cat","embeddable":true,"href":"https:\/\/oktoihcompany.rs\/sr\/wp-json\/wp\/v2\/product_cat?post=5631"},{"taxonomy":"product_tag","embeddable":true,"href":"https:\/\/oktoihcompany.rs\/sr\/wp-json\/wp\/v2\/product_tag?post=5631"}],"curies":[{"name":"wp","href":"https:\/\/api.w.org\/{rel}","templated":true}]}}