{"id":5669,"date":"2026-03-17T15:30:15","date_gmt":"2026-03-17T15:30:15","guid":{"rendered":"https:\/\/oktoihcompany.rs\/?post_type=product&#038;p=5669"},"modified":"2026-03-17T15:48:37","modified_gmt":"2026-03-17T15:48:37","slug":"klimabloc-50","status":"publish","type":"product","link":"https:\/\/oktoihcompany.rs\/sr\/\u043f\u0440\u043e\u0438\u0437\u0432\u043e\u0434\/klimabloc-50\/","title":{"rendered":"KLIMABLOC 50 200x500x238"},"content":{"rendered":"<p>Klimablock 50 predstavlja kvalitetno i pouzdano re\u0161enje za zidanje spolja\u0161njih i unutra\u0161njih zidova. Zahvaljuju\u0107i odli\u010dnim termo i zvu\u010dnim izolacionim svojstvima, ovaj blok je idealan izbor za savremenu gradnju stambenih i poslovnih objekata.<\/p>\n<ul>\n<li data-section-id=\"bsrz4x\" data-start=\"469\" data-end=\"499\">\n<p data-start=\"471\" data-end=\"499\">Dimenzije: 200x500x238<\/p>\n<\/li>\n<li data-section-id=\"8ptsg8\" data-start=\"500\" data-end=\"538\">\n<p data-start=\"502\" data-end=\"538\">Visoka \u010dvrsto\u0107a i dug vek trajanja<\/p>\n<\/li>\n<li data-section-id=\"1yykidx\" data-start=\"539\" data-end=\"565\">\n<p data-start=\"541\" data-end=\"565\">Odli\u010dna termoizolacija<\/p>\n<\/li>\n<li data-section-id=\"k7dp09\" data-start=\"566\" data-end=\"592\">\n<p data-start=\"568\" data-end=\"592\">Dobra zvu\u010dna izolacija<\/p>\n<\/li>\n<li data-section-id=\"13l77cs\" data-start=\"593\" data-end=\"635\">\n<p data-start=\"595\" data-end=\"635\">Precizna izrada za lako i brzo zidanje<\/p>\n<\/li>\n<\/ul>","protected":false},"excerpt":{"rendered":"<p>Klima blok 50 predstavlja kvalitetno i pouzdano re\u0161enje za zidanje spolja\u0161njih i unutra\u0161njih zidova. Zahvaljuju\u0107i odli\u010dnim termo i zvu\u010dnim izolacionim svojstvima, ovaj blok je idealan izbor za savremenu gradnju stambenih i poslovnih objekata.<\/p>","protected":false},"featured_media":5664,"comment_status":"open","ping_status":"closed","template":"","meta":{"om_disable_all_campaigns":false,"_monsterinsights_skip_tracking":false,"_monsterinsights_sitenote_active":false,"_monsterinsights_sitenote_note":"","_monsterinsights_sitenote_category":0,"site-sidebar-layout":"default","site-content-layout":"","ast-site-content-layout":"default","site-content-style":"default","site-sidebar-style":"default","ast-global-header-display":"","ast-banner-title-visibility":"","ast-main-header-display":"","ast-hfb-above-header-display":"","ast-hfb-below-header-display":"","ast-hfb-mobile-header-display":"","site-post-title":"","ast-breadcrumbs-content":"","ast-featured-img":"","footer-sml-layout":"","theme-transparent-header-meta":"default","adv-header-id-meta":"","stick-header-meta":"","header-above-stick-meta":"","header-main-stick-meta":"","header-below-stick-meta":"","astra-migrate-meta-layouts":"set","ast-page-background-enabled":"default","ast-page-background-meta":{"desktop":{"background-color":"","background-image":"","background-repeat":"repeat","background-position":"center center","background-size":"auto","background-attachment":"scroll","background-type":"","background-media":"","overlay-type":"","overlay-color":"","overlay-opacity":"","overlay-gradient":""},"tablet":{"background-color":"","background-image":"","background-repeat":"repeat","background-position":"center center","background-size":"auto","background-attachment":"scroll","background-type":"","background-media":"","overlay-type":"","overlay-color":"","overlay-opacity":"","overlay-gradient":""},"mobile":{"background-color":"","background-image":"","background-repeat":"repeat","background-position":"center center","background-size":"auto","background-attachment":"scroll","background-type":"","background-media":"","overlay-type":"","overlay-color":"","overlay-opacity":"","overlay-gradient":""}},"ast-content-background-meta":{"desktop":{"background-color":"var(--ast-global-color-5)","background-image":"","background-repeat":"repeat","background-position":"center center","background-size":"auto","background-attachment":"scroll","background-type":"","background-media":"","overlay-type":"","overlay-color":"","overlay-opacity":"","overlay-gradient":""},"tablet":{"background-color":"var(--ast-global-color-5)","background-image":"","background-repeat":"repeat","background-position":"center center","background-size":"auto","background-attachment":"scroll","background-type":"","background-media":"","overlay-type":"","overlay-color":"","overlay-opacity":"","overlay-gradient":""},"mobile":{"background-color":"var(--ast-global-color-5)","background-image":"","background-repeat":"repeat","background-position":"center center","background-size":"auto","background-attachment":"scroll","background-type":"","background-media":"","overlay-type":"","overlay-color":"","overlay-opacity":"","overlay-gradient":""}}},"product_brand":[],"product_cat":[15],"product_tag":[],"class_list":{"0":"post-5669","1":"product","2":"type-product","3":"status-publish","4":"has-post-thumbnail","6":"product_cat-artikli","7":"desktop-align-center","8":"tablet-align-center","9":"mobile-align-center","11":"first","12":"instock","13":"shipping-taxable","14":"product-type-simple"},"aioseo_notices":[],"_links":{"self":[{"href":"https:\/\/oktoihcompany.rs\/sr\/wp-json\/wp\/v2\/product\/5669","targetHints":{"allow":["GET"]}}],"collection":[{"href":"https:\/\/oktoihcompany.rs\/sr\/wp-json\/wp\/v2\/product"}],"about":[{"href":"https:\/\/oktoihcompany.rs\/sr\/wp-json\/wp\/v2\/types\/product"}],"replies":[{"embeddable":true,"href":"https:\/\/oktoihcompany.rs\/sr\/wp-json\/wp\/v2\/comments?post=5669"}],"wp:featuredmedia":[{"embeddable":true,"href":"https:\/\/oktoihcompany.rs\/sr\/wp-json\/wp\/v2\/media\/5664"}],"wp:attachment":[{"href":"https:\/\/oktoihcompany.rs\/sr\/wp-json\/wp\/v2\/media?parent=5669"}],"wp:term":[{"taxonomy":"product_brand","embeddable":true,"href":"https:\/\/oktoihcompany.rs\/sr\/wp-json\/wp\/v2\/product_brand?post=5669"},{"taxonomy":"product_cat","embeddable":true,"href":"https:\/\/oktoihcompany.rs\/sr\/wp-json\/wp\/v2\/product_cat?post=5669"},{"taxonomy":"product_tag","embeddable":true,"href":"https:\/\/oktoihcompany.rs\/sr\/wp-json\/wp\/v2\/product_tag?post=5669"}],"curies":[{"name":"wp","href":"https:\/\/api.w.org\/{rel}","templated":true}]}}