{"id":5672,"date":"2026-03-17T15:55:16","date_gmt":"2026-03-17T15:55:16","guid":{"rendered":"https:\/\/oktoihcompany.rs\/?post_type=product&#038;p=5672"},"modified":"2026-03-17T15:55:16","modified_gmt":"2026-03-17T15:55:16","slug":"klimablock-38-250x380x238","status":"publish","type":"product","link":"https:\/\/oktoihcompany.rs\/sr\/\u043f\u0440\u043e\u0438\u0437\u0432\u043e\u0434\/klimablock-38-250x380x238\/","title":{"rendered":"KLIMABLOCK 38 250x380x238"},"content":{"rendered":"<p>KLIMABLOCK 38 predstavlja kvalitetno i pouzdano re\u0161enje za zidanje spolja\u0161njih i unutra\u0161njih zidova. Zahvaljuju\u0107i odli\u010dnim termo i zvu\u010dnim izolacionim svojstvima, ovaj blok je idealan izbor za savremenu gradnju stambenih i poslovnih objekata.<\/p>\n<ul class=\"KsbFXc U6u95\" data-sfc-cb=\"\" data-complete=\"true\" data-processed=\"true\">\n<li class=\"dF3vjf\" data-sfc-cb=\"\" data-hveid=\"CAQQAA\" data-complete=\"true\" data-sae=\"\"><span class=\"T286Pc\" data-sfc-cp=\"\" data-sfc-cb=\"\" data-complete=\"true\"><strong class=\"Yjhzub\" data-sfc-cb=\"\" data-complete=\"true\">Dimenzije:<\/strong>\u00a0Standardne dimenzije bloka su\u00a0<strong class=\"Yjhzub\" data-sfc-cb=\"\" data-complete=\"true\">250 x 380 x 238 mm<\/strong>.<\/span><\/li>\n<li class=\"dF3vjf\" data-sfc-cb=\"\" data-hveid=\"CAQQAQ\" data-complete=\"true\" data-sae=\"\"><span class=\"T286Pc\" data-sfc-cp=\"\" data-sfc-cb=\"\" data-complete=\"true\"><strong class=\"Yjhzub\" data-sfc-cb=\"\" data-complete=\"true\">Potro\u0161nja:<\/strong>\u00a0Za jedan kvadratni metar (m\u00b2) zida potrebno je\u00a0<strong class=\"Yjhzub\" data-sfc-cb=\"\" data-complete=\"true\">16 komada<\/strong>.<\/span><\/li>\n<li class=\"dF3vjf\" data-sfc-cb=\"\" data-hveid=\"CAQQAg\" data-complete=\"true\" data-sae=\"\"><span class=\"T286Pc\" data-sfc-cp=\"\" data-sfc-cb=\"\" data-complete=\"true\"><strong class=\"Yjhzub\" data-sfc-cb=\"\" data-complete=\"true\">Te\u017eina:<\/strong>\u00a0Svaki blok te\u017ei pribli\u017eno\u00a0<strong class=\"Yjhzub\" data-sfc-cb=\"\" data-complete=\"true\">16,5 \u2013 17 kg<\/strong>.<\/span><\/li>\n<li class=\"dF3vjf\" data-sfc-cb=\"\" data-hveid=\"CAQQAw\" data-complete=\"true\" data-sae=\"\"><span class=\"T286Pc\" data-sfc-cp=\"\" data-sfc-cb=\"\" data-complete=\"true\"><strong class=\"Yjhzub\" data-sfc-cb=\"\" data-complete=\"true\">Pakovanje:<\/strong>\u00a0Na jednoj paleti se obi\u010dno nalazi\u00a0<strong class=\"Yjhzub\" data-sfc-cb=\"\" data-complete=\"true\">60 komada<\/strong>.<\/span><\/li>\n<li class=\"dF3vjf\" data-sfc-cb=\"\" data-hveid=\"CAQQBA\" data-complete=\"true\" data-sae=\"\"><span class=\"T286Pc\" data-sfc-cp=\"\" data-sfc-cb=\"\" data-complete=\"true\" aria-owns=\"action-menu-parent-container\"><strong class=\"Yjhzub\" data-sfc-cb=\"\" data-complete=\"true\">Termoizolacija:<\/strong>\u00a0Zahvaljuju\u0107i sa\u0107astoj strukturi i velikoj zapremini vazduha, obezbe\u0111uje odli\u010dnu toplotnu i zvu\u010dnu izolaciju.<\/span><\/li>\n<\/ul>","protected":false},"excerpt":{"rendered":"<p>KLIMABLOCK 38 predstavlja kvalitetno i pouzdano re\u0161enje za zidanje spolja\u0161njih i unutra\u0161njih zidova. Zahvaljuju\u0107i odli\u010dnim termo i zvu\u010dnim izolacionim svojstvima, ovaj blok je idealan izbor za savremenu gradnju stambenih i poslovnih objekata. Dimenzije:\u00a0Standardne dimenzije bloka su\u00a0250 x 380 x 238 mm. Potro\u0161nja:\u00a0Za jedan kvadratni metar (m\u00b2) zida potrebno je\u00a016 komada. Te\u017eina:\u00a0Svaki blok te\u017ei pribli\u017eno\u00a016,5 \u2013 [&hellip;]<\/p>","protected":false},"featured_media":5673,"comment_status":"open","ping_status":"closed","template":"","meta":{"om_disable_all_campaigns":false,"_monsterinsights_skip_tracking":false,"_monsterinsights_sitenote_active":false,"_monsterinsights_sitenote_note":"","_monsterinsights_sitenote_category":0,"site-sidebar-layout":"default","site-content-layout":"","ast-site-content-layout":"default","site-content-style":"default","site-sidebar-style":"default","ast-global-header-display":"","ast-banner-title-visibility":"","ast-main-header-display":"","ast-hfb-above-header-display":"","ast-hfb-below-header-display":"","ast-hfb-mobile-header-display":"","site-post-title":"","ast-breadcrumbs-content":"","ast-featured-img":"","footer-sml-layout":"","theme-transparent-header-meta":"default","adv-header-id-meta":"","stick-header-meta":"","header-above-stick-meta":"","header-main-stick-meta":"","header-below-stick-meta":"","astra-migrate-meta-layouts":"set","ast-page-background-enabled":"default","ast-page-background-meta":{"desktop":{"background-color":"","background-image":"","background-repeat":"repeat","background-position":"center center","background-size":"auto","background-attachment":"scroll","background-type":"","background-media":"","overlay-type":"","overlay-color":"","overlay-opacity":"","overlay-gradient":""},"tablet":{"background-color":"","background-image":"","background-repeat":"repeat","background-position":"center center","background-size":"auto","background-attachment":"scroll","background-type":"","background-media":"","overlay-type":"","overlay-color":"","overlay-opacity":"","overlay-gradient":""},"mobile":{"background-color":"","background-image":"","background-repeat":"repeat","background-position":"center center","background-size":"auto","background-attachment":"scroll","background-type":"","background-media":"","overlay-type":"","overlay-color":"","overlay-opacity":"","overlay-gradient":""}},"ast-content-background-meta":{"desktop":{"background-color":"var(--ast-global-color-5)","background-image":"","background-repeat":"repeat","background-position":"center center","background-size":"auto","background-attachment":"scroll","background-type":"","background-media":"","overlay-type":"","overlay-color":"","overlay-opacity":"","overlay-gradient":""},"tablet":{"background-color":"var(--ast-global-color-5)","background-image":"","background-repeat":"repeat","background-position":"center center","background-size":"auto","background-attachment":"scroll","background-type":"","background-media":"","overlay-type":"","overlay-color":"","overlay-opacity":"","overlay-gradient":""},"mobile":{"background-color":"var(--ast-global-color-5)","background-image":"","background-repeat":"repeat","background-position":"center center","background-size":"auto","background-attachment":"scroll","background-type":"","background-media":"","overlay-type":"","overlay-color":"","overlay-opacity":"","overlay-gradient":""}}},"product_brand":[],"product_cat":[15],"product_tag":[],"class_list":{"0":"post-5672","1":"product","2":"type-product","3":"status-publish","4":"has-post-thumbnail","6":"product_cat-artikli","7":"desktop-align-center","8":"tablet-align-center","9":"mobile-align-center","11":"first","12":"instock","13":"shipping-taxable","14":"product-type-simple"},"aioseo_notices":[],"_links":{"self":[{"href":"https:\/\/oktoihcompany.rs\/sr\/wp-json\/wp\/v2\/product\/5672","targetHints":{"allow":["GET"]}}],"collection":[{"href":"https:\/\/oktoihcompany.rs\/sr\/wp-json\/wp\/v2\/product"}],"about":[{"href":"https:\/\/oktoihcompany.rs\/sr\/wp-json\/wp\/v2\/types\/product"}],"replies":[{"embeddable":true,"href":"https:\/\/oktoihcompany.rs\/sr\/wp-json\/wp\/v2\/comments?post=5672"}],"wp:featuredmedia":[{"embeddable":true,"href":"https:\/\/oktoihcompany.rs\/sr\/wp-json\/wp\/v2\/media\/5673"}],"wp:attachment":[{"href":"https:\/\/oktoihcompany.rs\/sr\/wp-json\/wp\/v2\/media?parent=5672"}],"wp:term":[{"taxonomy":"product_brand","embeddable":true,"href":"https:\/\/oktoihcompany.rs\/sr\/wp-json\/wp\/v2\/product_brand?post=5672"},{"taxonomy":"product_cat","embeddable":true,"href":"https:\/\/oktoihcompany.rs\/sr\/wp-json\/wp\/v2\/product_cat?post=5672"},{"taxonomy":"product_tag","embeddable":true,"href":"https:\/\/oktoihcompany.rs\/sr\/wp-json\/wp\/v2\/product_tag?post=5672"}],"curies":[{"name":"wp","href":"https:\/\/api.w.org\/{rel}","templated":true}]}}