{"id":5675,"date":"2026-03-17T15:59:32","date_gmt":"2026-03-17T15:59:32","guid":{"rendered":"https:\/\/oktoihcompany.rs\/?post_type=product&#038;p=5675"},"modified":"2026-03-17T15:59:32","modified_gmt":"2026-03-17T15:59:32","slug":"klimabloc-25-380x250x238","status":"publish","type":"product","link":"https:\/\/oktoihcompany.rs\/sr\/\u043f\u0440\u043e\u0438\u0437\u0432\u043e\u0434\/klimabloc-25-380x250x238\/","title":{"rendered":"KLIMABLOC 25 380X250X238"},"content":{"rendered":"<p><strong class=\"Yjhzub\" data-sfc-cb=\"\" data-complete=\"true\" data-processed=\"true\">Klimabloc 25<\/strong>\u00a0je\u00a0<mark class=\"HxTRcb\" data-sfc-cb=\"\" data-complete=\"true\" data-sae=\"\">ekolo\u0161ki termo blok od prirodne gline koji proizvodi\u00a0<strong class=\"Yjhzub\" data-sfc-cb=\"\" data-complete=\"true\">Zorka Opeka \u0160abac<\/strong>, namenjen za izgradnju spolja\u0161njih i unutra\u0161njih nose\u0107ih zidova debljine 25 cm<\/mark>.<\/p>\n<ul class=\"KsbFXc U6u95\" data-sfc-cb=\"\" data-complete=\"true\" data-processed=\"true\">\n<li class=\"dF3vjf\" data-sfc-cb=\"\" data-hveid=\"CAUQAA\" data-complete=\"true\" data-sae=\"\"><span class=\"T286Pc\" data-sfc-cp=\"\" data-sfc-cb=\"\" data-complete=\"true\"><strong class=\"Yjhzub\" data-sfc-cb=\"\" data-complete=\"true\">Dimenzije<\/strong>: 380 x 250 x 238 mm.<\/span><\/li>\n<li class=\"dF3vjf\" data-sfc-cb=\"\" data-hveid=\"CAUQAQ\" data-complete=\"true\" data-sae=\"\"><span class=\"T286Pc\" data-sfc-cp=\"\" data-sfc-cb=\"\" data-complete=\"true\"><strong class=\"Yjhzub\" data-sfc-cb=\"\" data-complete=\"true\">Masa<\/strong>: Prose\u010dna te\u017eina po komadu je oko 15,40 kg, dok varijanta\u00a0<strong class=\"Yjhzub\" data-sfc-cb=\"\" data-complete=\"true\">AKU<\/strong>\u00a0(zvu\u010dna izolacija) te\u017ei 23,5 kg.<\/span><\/li>\n<li class=\"dF3vjf\" data-sfc-cb=\"\" data-hveid=\"CAUQAg\" data-complete=\"true\" data-sae=\"\"><span class=\"T286Pc\" data-sfc-cp=\"\" data-sfc-cb=\"\" data-complete=\"true\"><strong class=\"Yjhzub\" data-sfc-cb=\"\" data-complete=\"true\">Utro\u0161ak<\/strong>: Za 1 m\u00b2 zida potrebno je\u00a0<strong class=\"Yjhzub\" data-sfc-cb=\"\" data-complete=\"true\">10,5 komada<\/strong>.<\/span><\/li>\n<li class=\"dF3vjf\" data-sfc-cb=\"\" data-hveid=\"CAUQAw\" data-complete=\"true\" data-sae=\"\"><span class=\"T286Pc\" data-sfc-cp=\"\" data-sfc-cb=\"\" data-complete=\"true\"><strong class=\"Yjhzub\" data-sfc-cb=\"\" data-complete=\"true\">Pritisna \u010dvrsto\u0107a<\/strong>: Deklarisana vrednost je 10 N\/mm\u00b2.<\/span><\/li>\n<li class=\"dF3vjf\" data-sfc-cb=\"\" data-hveid=\"CAUQBA\" data-complete=\"true\" data-sae=\"\"><span class=\"T286Pc\" data-sfc-cp=\"\" data-sfc-cb=\"\" data-complete=\"true\" aria-owns=\"action-menu-parent-container\"><strong class=\"Yjhzub\" data-sfc-cb=\"\" data-complete=\"true\">Toplotna izolacija<\/strong>: Poseduje koeficijent toplotne provodljivosti \u03bb = 0,201 W\/(m x K).<\/span><\/li>\n<\/ul>","protected":false},"excerpt":{"rendered":"<p>Klimabloc 25\u00a0je\u00a0ekolo\u0161ki termo blok od prirodne gline koji proizvodi\u00a0Zorka Opeka \u0160abac, namenjen za izgradnju spolja\u0161njih i unutra\u0161njih nose\u0107ih zidova debljine 25 cm. Dimenzije: 380 x 250 x 238 mm. Masa: Prose\u010dna te\u017eina po komadu je oko 15,40 kg, dok varijanta\u00a0AKU\u00a0(zvu\u010dna izolacija) te\u017ei 23,5 kg. Utro\u0161ak: Za 1 m\u00b2 zida potrebno je\u00a010,5 komada. Pritisna \u010dvrsto\u0107a: Deklarisana [&hellip;]<\/p>","protected":false},"featured_media":5676,"comment_status":"open","ping_status":"closed","template":"","meta":{"om_disable_all_campaigns":false,"_monsterinsights_skip_tracking":false,"_monsterinsights_sitenote_active":false,"_monsterinsights_sitenote_note":"","_monsterinsights_sitenote_category":0,"site-sidebar-layout":"default","site-content-layout":"","ast-site-content-layout":"default","site-content-style":"default","site-sidebar-style":"default","ast-global-header-display":"","ast-banner-title-visibility":"","ast-main-header-display":"","ast-hfb-above-header-display":"","ast-hfb-below-header-display":"","ast-hfb-mobile-header-display":"","site-post-title":"","ast-breadcrumbs-content":"","ast-featured-img":"","footer-sml-layout":"","theme-transparent-header-meta":"default","adv-header-id-meta":"","stick-header-meta":"","header-above-stick-meta":"","header-main-stick-meta":"","header-below-stick-meta":"","astra-migrate-meta-layouts":"set","ast-page-background-enabled":"default","ast-page-background-meta":{"desktop":{"background-color":"","background-image":"","background-repeat":"repeat","background-position":"center center","background-size":"auto","background-attachment":"scroll","background-type":"","background-media":"","overlay-type":"","overlay-color":"","overlay-opacity":"","overlay-gradient":""},"tablet":{"background-color":"","background-image":"","background-repeat":"repeat","background-position":"center center","background-size":"auto","background-attachment":"scroll","background-type":"","background-media":"","overlay-type":"","overlay-color":"","overlay-opacity":"","overlay-gradient":""},"mobile":{"background-color":"","background-image":"","background-repeat":"repeat","background-position":"center center","background-size":"auto","background-attachment":"scroll","background-type":"","background-media":"","overlay-type":"","overlay-color":"","overlay-opacity":"","overlay-gradient":""}},"ast-content-background-meta":{"desktop":{"background-color":"var(--ast-global-color-5)","background-image":"","background-repeat":"repeat","background-position":"center center","background-size":"auto","background-attachment":"scroll","background-type":"","background-media":"","overlay-type":"","overlay-color":"","overlay-opacity":"","overlay-gradient":""},"tablet":{"background-color":"var(--ast-global-color-5)","background-image":"","background-repeat":"repeat","background-position":"center center","background-size":"auto","background-attachment":"scroll","background-type":"","background-media":"","overlay-type":"","overlay-color":"","overlay-opacity":"","overlay-gradient":""},"mobile":{"background-color":"var(--ast-global-color-5)","background-image":"","background-repeat":"repeat","background-position":"center center","background-size":"auto","background-attachment":"scroll","background-type":"","background-media":"","overlay-type":"","overlay-color":"","overlay-opacity":"","overlay-gradient":""}}},"product_brand":[],"product_cat":[15],"product_tag":[],"class_list":{"0":"post-5675","1":"product","2":"type-product","3":"status-publish","4":"has-post-thumbnail","6":"product_cat-artikli","7":"desktop-align-center","8":"tablet-align-center","9":"mobile-align-center","11":"first","12":"instock","13":"shipping-taxable","14":"product-type-simple"},"aioseo_notices":[],"_links":{"self":[{"href":"https:\/\/oktoihcompany.rs\/sr\/wp-json\/wp\/v2\/product\/5675","targetHints":{"allow":["GET"]}}],"collection":[{"href":"https:\/\/oktoihcompany.rs\/sr\/wp-json\/wp\/v2\/product"}],"about":[{"href":"https:\/\/oktoihcompany.rs\/sr\/wp-json\/wp\/v2\/types\/product"}],"replies":[{"embeddable":true,"href":"https:\/\/oktoihcompany.rs\/sr\/wp-json\/wp\/v2\/comments?post=5675"}],"wp:featuredmedia":[{"embeddable":true,"href":"https:\/\/oktoihcompany.rs\/sr\/wp-json\/wp\/v2\/media\/5676"}],"wp:attachment":[{"href":"https:\/\/oktoihcompany.rs\/sr\/wp-json\/wp\/v2\/media?parent=5675"}],"wp:term":[{"taxonomy":"product_brand","embeddable":true,"href":"https:\/\/oktoihcompany.rs\/sr\/wp-json\/wp\/v2\/product_brand?post=5675"},{"taxonomy":"product_cat","embeddable":true,"href":"https:\/\/oktoihcompany.rs\/sr\/wp-json\/wp\/v2\/product_cat?post=5675"},{"taxonomy":"product_tag","embeddable":true,"href":"https:\/\/oktoihcompany.rs\/sr\/wp-json\/wp\/v2\/product_tag?post=5675"}],"curies":[{"name":"wp","href":"https:\/\/api.w.org\/{rel}","templated":true}]}}