{"id":5677,"date":"2026-03-17T16:03:04","date_gmt":"2026-03-17T16:03:04","guid":{"rendered":"https:\/\/oktoihcompany.rs\/?post_type=product&#038;p=5677"},"modified":"2026-03-17T16:03:04","modified_gmt":"2026-03-17T16:03:04","slug":"klimabloc-30-250x300x238","status":"publish","type":"product","link":"https:\/\/oktoihcompany.rs\/sr\/\u043f\u0440\u043e\u0438\u0437\u0432\u043e\u0434\/klimabloc-30-250x300x238\/","title":{"rendered":"KLIMABLOC 30 250x300x238"},"content":{"rendered":"<p><strong class=\"Yjhzub\" data-sfc-cb=\"\" data-complete=\"true\" data-processed=\"true\">Klimabloc 30<\/strong> \u00a0<mark class=\"HxTRcb\" data-sfc-cb=\"\" data-complete=\"true\" data-sae=\"\">je energetski efikasan termo blok od gline namenjen za zidanje spoljnih nose\u0107ih zidova debljine\u00a0<strong class=\"Yjhzub\" data-sfc-cb=\"\" data-complete=\"true\">30 cm<\/strong><\/mark>. Zahvaljuju\u0107i specifi\u010dnoj strukturi sa vertikalnim \u0161upljinama, pru\u017ea zna\u010dajno bolju termoizolaciju u pore\u0111enju sa klasi\u010dnim giter blokovima, \u0161to omogu\u0107ava u\u0161tedu energije za grejanje i hla\u0111enje<\/p>\n<ul class=\"KsbFXc U6u95\" data-sfc-cb=\"\" data-complete=\"true\" data-processed=\"true\">\n<li class=\"dF3vjf\" data-sfc-cb=\"\" data-hveid=\"CAUQAA\" data-complete=\"true\" data-sae=\"\"><span class=\"T286Pc\" data-sfc-cp=\"\" data-sfc-cb=\"\" data-complete=\"true\"><strong class=\"Yjhzub\" data-sfc-cb=\"\" data-complete=\"true\">Dimenzije:<\/strong>\u00a0250 x 300 x 238 mm.<\/span><\/li>\n<li class=\"dF3vjf\" data-sfc-cb=\"\" data-hveid=\"CAUQAQ\" data-complete=\"true\" data-sae=\"\"><span class=\"T286Pc\" data-sfc-cp=\"\" data-sfc-cb=\"\" data-complete=\"true\"><strong class=\"Yjhzub\" data-sfc-cb=\"\" data-complete=\"true\">Te\u017eina:<\/strong>\u00a0Pribli\u017eno\u00a0<strong class=\"Yjhzub\" data-sfc-cb=\"\" data-complete=\"true\">14 kg<\/strong>\u00a0po komadu (zavisno od izvora, varira od 13,3 kg do 14,6 kg).<\/span><\/li>\n<li class=\"dF3vjf\" data-sfc-cb=\"\" data-hveid=\"CAUQAg\" data-complete=\"true\" data-sae=\"\"><span class=\"T286Pc\" data-sfc-cp=\"\" data-sfc-cb=\"\" data-complete=\"true\"><strong class=\"Yjhzub\" data-sfc-cb=\"\" data-complete=\"true\">Pritisna \u010dvrsto\u0107a:<\/strong>\u00a0Izme\u0111u\u00a0<strong class=\"Yjhzub\" data-sfc-cb=\"\" data-complete=\"true\">10,0 i 15,0 MPa<\/strong>.<\/span><\/li>\n<li class=\"dF3vjf\" data-sfc-cb=\"\" data-hveid=\"CAUQAw\" data-complete=\"true\" data-sae=\"\"><span class=\"T286Pc\" data-sfc-cp=\"\" data-sfc-cb=\"\" data-complete=\"true\" aria-owns=\"action-menu-parent-container\"><strong class=\"Yjhzub\" data-sfc-cb=\"\" data-complete=\"true\">Pakovanje:<\/strong>\u00a0Na jednoj paleti nalazi se\u00a0<strong class=\"Yjhzub\" data-sfc-cb=\"\" data-complete=\"true\">80 komada<\/strong>.<\/span><\/li>\n<\/ul>","protected":false},"excerpt":{"rendered":"<p>Klimabloc 30 \u00a0je energetski efikasan termo blok od gline namenjen za zidanje spoljnih nose\u0107ih zidova debljine\u00a030 cm. Zahvaljuju\u0107i specifi\u010dnoj strukturi sa vertikalnim \u0161upljinama, pru\u017ea zna\u010dajno bolju termoizolaciju u pore\u0111enju sa klasi\u010dnim giter blokovima, \u0161to omogu\u0107ava u\u0161tedu energije za grejanje i hla\u0111enje Dimenzije:\u00a0250 x 300 x 238 mm. Te\u017eina:\u00a0Pribli\u017eno\u00a014 kg\u00a0po komadu (zavisno od izvora, varira od [&hellip;]<\/p>","protected":false},"featured_media":5678,"comment_status":"open","ping_status":"closed","template":"","meta":{"om_disable_all_campaigns":false,"_monsterinsights_skip_tracking":false,"_monsterinsights_sitenote_active":false,"_monsterinsights_sitenote_note":"","_monsterinsights_sitenote_category":0,"site-sidebar-layout":"default","site-content-layout":"","ast-site-content-layout":"default","site-content-style":"default","site-sidebar-style":"default","ast-global-header-display":"","ast-banner-title-visibility":"","ast-main-header-display":"","ast-hfb-above-header-display":"","ast-hfb-below-header-display":"","ast-hfb-mobile-header-display":"","site-post-title":"","ast-breadcrumbs-content":"","ast-featured-img":"","footer-sml-layout":"","theme-transparent-header-meta":"default","adv-header-id-meta":"","stick-header-meta":"","header-above-stick-meta":"","header-main-stick-meta":"","header-below-stick-meta":"","astra-migrate-meta-layouts":"set","ast-page-background-enabled":"default","ast-page-background-meta":{"desktop":{"background-color":"","background-image":"","background-repeat":"repeat","background-position":"center center","background-size":"auto","background-attachment":"scroll","background-type":"","background-media":"","overlay-type":"","overlay-color":"","overlay-opacity":"","overlay-gradient":""},"tablet":{"background-color":"","background-image":"","background-repeat":"repeat","background-position":"center center","background-size":"auto","background-attachment":"scroll","background-type":"","background-media":"","overlay-type":"","overlay-color":"","overlay-opacity":"","overlay-gradient":""},"mobile":{"background-color":"","background-image":"","background-repeat":"repeat","background-position":"center center","background-size":"auto","background-attachment":"scroll","background-type":"","background-media":"","overlay-type":"","overlay-color":"","overlay-opacity":"","overlay-gradient":""}},"ast-content-background-meta":{"desktop":{"background-color":"var(--ast-global-color-5)","background-image":"","background-repeat":"repeat","background-position":"center center","background-size":"auto","background-attachment":"scroll","background-type":"","background-media":"","overlay-type":"","overlay-color":"","overlay-opacity":"","overlay-gradient":""},"tablet":{"background-color":"var(--ast-global-color-5)","background-image":"","background-repeat":"repeat","background-position":"center center","background-size":"auto","background-attachment":"scroll","background-type":"","background-media":"","overlay-type":"","overlay-color":"","overlay-opacity":"","overlay-gradient":""},"mobile":{"background-color":"var(--ast-global-color-5)","background-image":"","background-repeat":"repeat","background-position":"center center","background-size":"auto","background-attachment":"scroll","background-type":"","background-media":"","overlay-type":"","overlay-color":"","overlay-opacity":"","overlay-gradient":""}}},"product_brand":[],"product_cat":[15],"product_tag":[],"class_list":{"0":"post-5677","1":"product","2":"type-product","3":"status-publish","4":"has-post-thumbnail","6":"product_cat-artikli","7":"desktop-align-center","8":"tablet-align-center","9":"mobile-align-center","11":"first","12":"instock","13":"shipping-taxable","14":"product-type-simple"},"aioseo_notices":[],"_links":{"self":[{"href":"https:\/\/oktoihcompany.rs\/sr\/wp-json\/wp\/v2\/product\/5677","targetHints":{"allow":["GET"]}}],"collection":[{"href":"https:\/\/oktoihcompany.rs\/sr\/wp-json\/wp\/v2\/product"}],"about":[{"href":"https:\/\/oktoihcompany.rs\/sr\/wp-json\/wp\/v2\/types\/product"}],"replies":[{"embeddable":true,"href":"https:\/\/oktoihcompany.rs\/sr\/wp-json\/wp\/v2\/comments?post=5677"}],"wp:featuredmedia":[{"embeddable":true,"href":"https:\/\/oktoihcompany.rs\/sr\/wp-json\/wp\/v2\/media\/5678"}],"wp:attachment":[{"href":"https:\/\/oktoihcompany.rs\/sr\/wp-json\/wp\/v2\/media?parent=5677"}],"wp:term":[{"taxonomy":"product_brand","embeddable":true,"href":"https:\/\/oktoihcompany.rs\/sr\/wp-json\/wp\/v2\/product_brand?post=5677"},{"taxonomy":"product_cat","embeddable":true,"href":"https:\/\/oktoihcompany.rs\/sr\/wp-json\/wp\/v2\/product_cat?post=5677"},{"taxonomy":"product_tag","embeddable":true,"href":"https:\/\/oktoihcompany.rs\/sr\/wp-json\/wp\/v2\/product_tag?post=5677"}],"curies":[{"name":"wp","href":"https:\/\/api.w.org\/{rel}","templated":true}]}}